{"id":1019,"date":"2021-11-19T14:32:02","date_gmt":"2021-11-19T12:32:02","guid":{"rendered":"http:\/\/www.seikkailusveitsi.fi\/verkkokauppa\/?page_id=1019"},"modified":"2023-04-18T15:34:43","modified_gmt":"2023-04-18T12:34:43","slug":"privacy-statement","status":"publish","type":"page","link":"https:\/\/www.seikkailusveitsi.fi\/verkkokauppa\/privacy-statement\/","title":{"rendered":"Privacy statement"},"content":{"rendered":"<p>[et_pb_section fb_built=&#8221;1&#8243; admin_label=&#8221;Kuva&#8221; _builder_version=&#8221;4.16&#8243; _module_preset=&#8221;default&#8221; use_background_color_gradient=&#8221;on&#8221; background_color_gradient_stops=&#8221;rgba(4,10,2,0.21) 0%|rgba(0,0,0,0.35) 100%&#8221; background_color_gradient_overlays_image=&#8221;on&#8221; background_color_gradient_start=&#8221;rgba(4,10,2,0.21)&#8221; background_color_gradient_end=&#8221;rgba(0,0,0,0.35)&#8221; background_image=&#8221;https:\/\/www.seikkailusveitsi.fi\/verkkokauppa\/wp-content\/uploads\/2021\/02\/SeikkailuSveitsi-aukioloajat.jpg&#8221; min_height=&#8221;600px&#8221; top_divider_style=&#8221;mountains2&#8243; top_divider_color=&#8221;#28c0d7&#8243; top_divider_height_tablet=&#8221;&#8221; top_divider_height_phone=&#8221;50px&#8221; top_divider_height_last_edited=&#8221;on|phone&#8221; bottom_divider_style=&#8221;asymmetric2&#8243; bottom_divider_color=&#8221;#FFFFFF&#8221; bottom_divider_height_tablet=&#8221;&#8221; bottom_divider_height_phone=&#8221;50px&#8221; bottom_divider_height_last_edited=&#8221;on|phone&#8221; link_option_url=&#8221;https:\/\/seikkailusveitsi.johku.com&#8221; collapsed=&#8221;on&#8221; global_colors_info=&#8221;{}&#8221;][\/et_pb_section][et_pb_section fb_built=&#8221;1&#8243; admin_label=&#8221;Hinnasto&#8221; _builder_version=&#8221;4.16&#8243; _module_preset=&#8221;default&#8221; background_color=&#8221;#FFFFFF&#8221; collapsed=&#8221;off&#8221; global_colors_info=&#8221;{}&#8221;][et_pb_row _builder_version=&#8221;4.16&#8243; _module_preset=&#8221;default&#8221; max_width=&#8221;700px&#8221; global_colors_info=&#8221;{}&#8221;][et_pb_column type=&#8221;4_4&#8243; _builder_version=&#8221;4.16&#8243; _module_preset=&#8221;default&#8221; global_colors_info=&#8221;{}&#8221;][et_pb_text _builder_version=&#8221;4.16&#8243; _module_preset=&#8221;default&#8221; text_font_size=&#8221;18px&#8221; text_line_height=&#8221;1.5em&#8221; header_font=&#8221;|700||on|||||&#8221; header_font_size=&#8221;46px&#8221; header_2_font=&#8221;|700||on|||||&#8221; header_2_font_size=&#8221;35px&#8221; header_3_font=&#8221;|700||on|||||&#8221; animation_style=&#8221;slide&#8221; animation_direction=&#8221;bottom&#8221; global_colors_info=&#8221;{}&#8221;]<\/p>\n<h1>PRIVACY STATEMENT<\/h1>\n<p>[\/et_pb_text][et_pb_text _builder_version=&#8221;4.16&#8243; _module_preset=&#8221;default&#8221; text_font_size=&#8221;18px&#8221; text_line_height=&#8221;1.5em&#8221; header_font=&#8221;|700||on|||||&#8221; header_font_size=&#8221;46px&#8221; header_2_font=&#8221;|700||on|||||&#8221; header_2_font_size=&#8221;35px&#8221; header_3_font=&#8221;|700||on|||||&#8221; animation_style=&#8221;slide&#8221; animation_direction=&#8221;bottom&#8221; global_colors_info=&#8221;{}&#8221;]<\/p>\n<h3>1. THE REGISTRAR<\/h3>\n<p>SeikkailuSveitsi Oy<br \/>\nH\u00e4rk\u00e4vehmaankatu 9<br \/>\n05900 HYVINK\u00c4\u00c4<\/p>\n<h3>2. CONTACT PERSON IN MATTER REGARDING THE REGISTER<\/h3>\n<p>Anne Oksanen<br \/>\nanne.oksanen@seikkailusveitsi.fi<br \/>\n050 061 3174<\/p>\n<p>Janne Welling<br \/>\njanne.welling@seikkailusveitsi.fi<br \/>\n040 935 5464<\/p>\n<h3>3. PURPOSE OF THE PROCESSING OF PERSONAL DATA<\/h3>\n<p>Pursuant to section 8 of the Personal Data Act, personal data is processed for the management, development and analysis of relationships based on customer relationships and material connections, customer communications, marketing planning and targeting, customer service development and business planning and monitoring.<\/p>\n<h3>4. INFORMATION CONTENT OF THE REGISTER<\/h3>\n<p>Customers booking by email:<br \/>\nPersonal information: name, address, phone number, email address and billing information<br \/>\nCorporate and institutional customers also company billing information<\/p>\n<p>Customers who bought tickets from the online store:<br \/>\nPersonal information: name, address, telephone number and email address<\/p>\n<h3>5. REGULAR SOURCES OF INFORMATION<\/h3>\n<p>Personal information is collected from registrants themselves when they book an adventure via email, phone, or purchase tickets from an online store.<\/p>\n<h3>6. REGULAR DISCLOSURES<\/h3>\n<p>The information will not be disclosed to third parties.<\/p>\n<h3>7. TRANSFER OF DATA OUTSIDE THE EU OR THE EEA<\/h3>\n<p>Data will not be transferred outside the EU or the EEA<\/p>\n<h3>8. PRINCIPLES OF PROTECTION OF THE REGISTER<\/h3>\n<p>The register shall be handled with care and the data processed by the information systems shall be adequately protected.<\/p>\n<p>Personal information on paper is stored at the company&#8217;s location and office. The office is locked outside opening hours and has a surveillance system. Premises are always locked. The information on the paper will be disposed of at regular intervals.<\/p>\n<p>The controller shall ensure that the data stored, as well as the access rights to the servers and other information critical to the security of personal data, are treated confidentially and only by the employees whose job description it belongs to. The information on the paper will be disposed of at regular intervals.<\/p>\n<h3>9. RIGHT OF INSPECTION, PROHIBITION AND REPAIR<\/h3>\n<p>The registered has the right under the Personal Data Act to check what information about him or her has been stored in the register. At the request of the registered, we will make the necessary corrections and additions to the personal data or delete incorrect, unnecessary, incomplete or outdated data for the purpose of the processing.<\/p>\n<p>The information is checked and updated by contacting SeikkailuSveitsi Oy&#8217;s customer service info@seikkailusveitsi.fi[\/et_pb_text][\/et_pb_column][\/et_pb_row][\/et_pb_section]<\/p>\n","protected":false},"excerpt":{"rendered":"<p>PRIVACY STATEMENT1. THE REGISTRAR SeikkailuSveitsi Oy H\u00e4rk\u00e4vehmaankatu 9 05900 HYVINK\u00c4\u00c4 2. CONTACT PERSON IN MATTER REGARDING THE REGISTER Anne Oksanen anne.oksanen@seikkailusveitsi.fi 050 061 3174 Janne Welling janne.welling@seikkailusveitsi.fi 040 935 5464 3. PURPOSE OF THE PROCESSING OF PERSONAL DATA Pursuant to section 8 of the Personal Data Act, personal data is processed for the management, development [&hellip;]<\/p>\n","protected":false},"author":1,"featured_media":0,"parent":0,"menu_order":0,"comment_status":"closed","ping_status":"closed","template":"","meta":{"_et_pb_use_builder":"on","_et_pb_old_content":"","_et_gb_content_width":"","footnotes":""},"class_list":["post-1019","page","type-page","status-publish","hentry"],"_links":{"self":[{"href":"https:\/\/www.seikkailusveitsi.fi\/verkkokauppa\/wp-json\/wp\/v2\/pages\/1019","targetHints":{"allow":["GET"]}}],"collection":[{"href":"https:\/\/www.seikkailusveitsi.fi\/verkkokauppa\/wp-json\/wp\/v2\/pages"}],"about":[{"href":"https:\/\/www.seikkailusveitsi.fi\/verkkokauppa\/wp-json\/wp\/v2\/types\/page"}],"author":[{"embeddable":true,"href":"https:\/\/www.seikkailusveitsi.fi\/verkkokauppa\/wp-json\/wp\/v2\/users\/1"}],"replies":[{"embeddable":true,"href":"https:\/\/www.seikkailusveitsi.fi\/verkkokauppa\/wp-json\/wp\/v2\/comments?post=1019"}],"version-history":[{"count":5,"href":"https:\/\/www.seikkailusveitsi.fi\/verkkokauppa\/wp-json\/wp\/v2\/pages\/1019\/revisions"}],"predecessor-version":[{"id":1472,"href":"https:\/\/www.seikkailusveitsi.fi\/verkkokauppa\/wp-json\/wp\/v2\/pages\/1019\/revisions\/1472"}],"wp:attachment":[{"href":"https:\/\/www.seikkailusveitsi.fi\/verkkokauppa\/wp-json\/wp\/v2\/media?parent=1019"}],"curies":[{"name":"wp","href":"https:\/\/api.w.org\/{rel}","templated":true}]}}