{"id":1493,"date":"2023-04-26T13:20:05","date_gmt":"2023-04-26T10:20:05","guid":{"rendered":"http:\/\/www.seikkailusveitsi.fi\/verkkokauppa\/shop\/"},"modified":"2024-11-17T16:45:56","modified_gmt":"2024-11-17T14:45:56","slug":"shop","status":"publish","type":"page","link":"https:\/\/www.seikkailusveitsi.fi\/verkkokauppa\/shop\/","title":{"rendered":"shop"},"content":{"rendered":"[et_pb_section fb_built=&#8221;1&#8243; _builder_version=&#8221;4.16&#8243; global_colors_info=&#8221;{}&#8221;][et_pb_row _builder_version=&#8221;4.20.2&#8243; background_size=&#8221;initial&#8221; background_position=&#8221;top_left&#8221; background_repeat=&#8221;repeat&#8221; global_colors_info=&#8221;{}&#8221;][et_pb_column type=&#8221;4_4&#8243; _builder_version=&#8221;4.20.2&#8243; custom_padding=&#8221;|||&#8221; global_colors_info=&#8221;{}&#8221; custom_padding__hover=&#8221;|||&#8221;][et_pb_text _builder_version=&#8221;4.20.2&#8243; background_size=&#8221;initial&#8221; background_position=&#8221;top_left&#8221; background_repeat=&#8221;repeat&#8221; text_orientation=&#8221;center&#8221; global_colors_info=&#8221;{}&#8221;]<div class=\"wp-block-cover__inner-container\">\n<p><\/p>\n<p class=\"has-text-align-center has-large-font-size\"><strong>SEIKKAILUSVEITSI VERKKOKAUPPA<\/strong><\/p>\n<p class=\"has-text-color has-text-align-center\"><span>SeikkailuSveitsi on koko perheen seikkailupuisto Hyvink\u00e4\u00e4ll\u00e4. Monipuoliset radat tarjoavat haasteita ja onnistumisen iloa kaiken ik\u00e4isille ja seikkailunhaluisille ulkoilijoille. Tarjontaamme kuuluu turvalliset, puihin rakennetut seikkailuradat sek\u00e4 Suomen huimin vaijeriliukurata.<\/span><\/p>\n<p><\/p>\n<p><strong style=\"font-size: 16px;\">TUOTTEET<\/strong><\/p>\n<p><\/p>\n<\/div>\n<p><div data-block-name=\"woocommerce\/product-best-sellers\" data-columns=\"4\" class=\"wc-block-grid wp-block-product-best-sellers wp-block-woocommerce-product-best-sellers wc-block-product-best-sellers has-4-columns has-multiple-rows\"><ul class=\"wc-block-grid__products\"><li class=\"wc-block-grid__product\">\n\t\t\t\t<a href=\"https:\/\/www.seikkailusveitsi.fi\/verkkokauppa\/product\/kaikki-kiipeilyradat\/\" class=\"wc-block-grid__product-link\">\n\t\t\t\t\t\n\t\t\t\t\t<div class=\"wc-block-grid__product-image\"><img loading=\"lazy\" decoding=\"async\" width=\"300\" height=\"300\" src=\"https:\/\/www.seikkailusveitsi.fi\/verkkokauppa\/wp-content\/uploads\/SeikkailuSveitsi-aukioloajat-300x300.jpg\" class=\"attachment-woocommerce_thumbnail size-woocommerce_thumbnail\" alt=\"SeikkailuSveitsi kaikki radat\" \/><\/div>\n\t\t\t\t\t<div class=\"wc-block-grid__product-title\">Kaikki kiipeilyradat<\/div>\n\t\t\t\t<\/a>\n\t\t\t\t<div class=\"wc-block-grid__product-price price\"><span class=\"woocommerce-Price-amount amount\">28,00&nbsp;<span class=\"woocommerce-Price-currencySymbol\">&euro;<\/span><\/span><\/div>\n\t\t\t\t\n\t\t\t\t<div class=\"wp-block-button wc-block-grid__product-add-to-cart\"><a href=\"\/verkkokauppa\/wp-json\/wp\/v2\/pages\/1493?add-to-cart=1530\" aria-label=\"Lis\u00e4\u00e4 ostoskoriin: &ldquo;Kaikki kiipeilyradat&rdquo;\" data-quantity=\"1\" data-product_id=\"1530\" data-product_sku=\"\" data-price=\"28\" rel=\"nofollow\" class=\"wp-block-button__link  add_to_cart_button ajax_add_to_cart\">Lis\u00e4\u00e4 ostoskoriin<\/a><\/div>\n\t\t\t<\/li><li class=\"wc-block-grid__product\">\n\t\t\t\t<a href=\"https:\/\/www.seikkailusveitsi.fi\/verkkokauppa\/product\/siniset-perheradat\/\" class=\"wc-block-grid__product-link\">\n\t\t\t\t\t\n\t\t\t\t\t<div class=\"wc-block-grid__product-image\"><img loading=\"lazy\" decoding=\"async\" width=\"300\" height=\"300\" src=\"https:\/\/www.seikkailusveitsi.fi\/verkkokauppa\/wp-content\/uploads\/Perheradat-scaled-300x300.jpg\" class=\"attachment-woocommerce_thumbnail size-woocommerce_thumbnail\" alt=\"perherata\" \/><\/div>\n\t\t\t\t\t<div class=\"wc-block-grid__product-title\">Siniset perheradat<\/div>\n\t\t\t\t<\/a>\n\t\t\t\t<div class=\"wc-block-grid__product-price price\"><span class=\"woocommerce-Price-amount amount\">23,00&nbsp;<span class=\"woocommerce-Price-currencySymbol\">&euro;<\/span><\/span><\/div>\n\t\t\t\t\n\t\t\t\t<div class=\"wp-block-button wc-block-grid__product-add-to-cart\"><a href=\"\/verkkokauppa\/wp-json\/wp\/v2\/pages\/1493?add-to-cart=1531\" aria-label=\"Lis\u00e4\u00e4 ostoskoriin: &ldquo;Siniset perheradat&rdquo;\" data-quantity=\"1\" data-product_id=\"1531\" data-product_sku=\"\" data-price=\"23\" rel=\"nofollow\" class=\"wp-block-button__link  add_to_cart_button ajax_add_to_cart\">Lis\u00e4\u00e4 ostoskoriin<\/a><\/div>\n\t\t\t<\/li><li class=\"wc-block-grid__product\">\n\t\t\t\t<a href=\"https:\/\/www.seikkailusveitsi.fi\/verkkokauppa\/product\/napero-seikkailija\/\" class=\"wc-block-grid__product-link\">\n\t\t\t\t\t\n\t\t\t\t\t<div class=\"wc-block-grid__product-image\"><img loading=\"lazy\" decoding=\"async\" width=\"300\" height=\"300\" src=\"https:\/\/www.seikkailusveitsi.fi\/verkkokauppa\/wp-content\/uploads\/2021\/02\/naperorata-300x300.jpg\" class=\"attachment-woocommerce_thumbnail size-woocommerce_thumbnail\" alt=\"napero\" \/><\/div>\n\t\t\t\t\t<div class=\"wc-block-grid__product-title\">Napero seikkailija<\/div>\n\t\t\t\t<\/a>\n\t\t\t\t<div class=\"wc-block-grid__product-price price\"><span class=\"woocommerce-Price-amount amount\">11,00&nbsp;<span class=\"woocommerce-Price-currencySymbol\">&euro;<\/span><\/span><\/div>\n\t\t\t\t\n\t\t\t\t<div class=\"wp-block-button wc-block-grid__product-add-to-cart\"><a href=\"\/verkkokauppa\/wp-json\/wp\/v2\/pages\/1493?add-to-cart=1542\" aria-label=\"Lis\u00e4\u00e4 ostoskoriin: &ldquo;Napero seikkailija&rdquo;\" data-quantity=\"1\" data-product_id=\"1542\" data-product_sku=\"\" data-price=\"11\" rel=\"nofollow\" class=\"wp-block-button__link  add_to_cart_button ajax_add_to_cart\">Lis\u00e4\u00e4 ostoskoriin<\/a><\/div>\n\t\t\t<\/li><li class=\"wc-block-grid__product\">\n\t\t\t\t<a href=\"https:\/\/www.seikkailusveitsi.fi\/verkkokauppa\/product\/seikkailulahjakortti-30e\/\" class=\"wc-block-grid__product-link\">\n\t\t\t\t\t\n\t\t\t\t\t<div class=\"wc-block-grid__product-image\"><img loading=\"lazy\" decoding=\"async\" width=\"300\" height=\"300\" src=\"https:\/\/www.seikkailusveitsi.fi\/verkkokauppa\/wp-content\/uploads\/2021\/02\/mediumradat-300x300.jpg\" class=\"attachment-woocommerce_thumbnail size-woocommerce_thumbnail\" alt=\"lahjakortti 30\" \/><\/div>\n\t\t\t\t\t<div class=\"wc-block-grid__product-title\">Seikkailulahjakortti 35\u20ac<\/div>\n\t\t\t\t<\/a>\n\t\t\t\t<div class=\"wc-block-grid__product-price price\"><span class=\"woocommerce-Price-amount amount\">35,00&nbsp;<span class=\"woocommerce-Price-currencySymbol\">&euro;<\/span><\/span><\/div>\n\t\t\t\t\n\t\t\t\t<div class=\"wp-block-button wc-block-grid__product-add-to-cart\"><a href=\"\/verkkokauppa\/wp-json\/wp\/v2\/pages\/1493?add-to-cart=1538\" aria-label=\"Lis\u00e4\u00e4 ostoskoriin: &ldquo;Seikkailulahjakortti 35\u20ac&rdquo;\" data-quantity=\"1\" data-product_id=\"1538\" data-product_sku=\"\" data-price=\"35\" rel=\"nofollow\" class=\"wp-block-button__link  add_to_cart_button ajax_add_to_cart\">Lis\u00e4\u00e4 ostoskoriin<\/a><\/div>\n\t\t\t<\/li><li class=\"wc-block-grid__product\">\n\t\t\t\t<a href=\"https:\/\/www.seikkailusveitsi.fi\/verkkokauppa\/product\/seikkailulahjakortti-50e\/\" class=\"wc-block-grid__product-link\">\n\t\t\t\t\t\n\t\t\t\t\t<div class=\"wc-block-grid__product-image\"><img loading=\"lazy\" decoding=\"async\" width=\"300\" height=\"300\" src=\"https:\/\/www.seikkailusveitsi.fi\/verkkokauppa\/wp-content\/uploads\/2021\/02\/SeikkailuSveitsi-Radat-300x300.jpg\" class=\"attachment-woocommerce_thumbnail size-woocommerce_thumbnail\" alt=\"lahjakortti 50 el\u00e4mys\" \/><\/div>\n\t\t\t\t\t<div class=\"wc-block-grid__product-title\">Seikkailulahjakortti 50\u20ac<\/div>\n\t\t\t\t<\/a>\n\t\t\t\t<div class=\"wc-block-grid__product-price price\"><span class=\"woocommerce-Price-amount amount\">50,00&nbsp;<span class=\"woocommerce-Price-currencySymbol\">&euro;<\/span><\/span><\/div>\n\t\t\t\t\n\t\t\t\t<div class=\"wp-block-button wc-block-grid__product-add-to-cart\"><a href=\"\/verkkokauppa\/wp-json\/wp\/v2\/pages\/1493?add-to-cart=1537\" aria-label=\"Lis\u00e4\u00e4 ostoskoriin: &ldquo;Seikkailulahjakortti 50\u20ac&rdquo;\" data-quantity=\"1\" data-product_id=\"1537\" data-product_sku=\"\" data-price=\"50\" rel=\"nofollow\" class=\"wp-block-button__link  add_to_cart_button ajax_add_to_cart\">Lis\u00e4\u00e4 ostoskoriin<\/a><\/div>\n\t\t\t<\/li><li class=\"wc-block-grid__product\">\n\t\t\t\t<a href=\"https:\/\/www.seikkailusveitsi.fi\/verkkokauppa\/product\/megazipline-rata\/\" class=\"wc-block-grid__product-link\">\n\t\t\t\t\t\n\t\t\t\t\t<div class=\"wc-block-grid__product-image\"><img loading=\"lazy\" decoding=\"async\" width=\"300\" height=\"300\" src=\"https:\/\/www.seikkailusveitsi.fi\/verkkokauppa\/wp-content\/uploads\/MegaZipline-300x300.jpg\" class=\"attachment-woocommerce_thumbnail size-woocommerce_thumbnail\" alt=\"MegaZipline -rata\" \/><\/div>\n\t\t\t\t\t<div class=\"wc-block-grid__product-title\">MegaZipline -rata<\/div>\n\t\t\t\t<\/a>\n\t\t\t\t<div class=\"wc-block-grid__product-price price\"><span class=\"woocommerce-Price-amount amount\">18,00&nbsp;<span class=\"woocommerce-Price-currencySymbol\">&euro;<\/span><\/span><\/div>\n\t\t\t\t\n\t\t\t\t<div class=\"wp-block-button wc-block-grid__product-add-to-cart\"><a href=\"\/verkkokauppa\/wp-json\/wp\/v2\/pages\/1493?add-to-cart=1543\" aria-label=\"Lis\u00e4\u00e4 ostoskoriin: &ldquo;MegaZipline -rata&rdquo;\" data-quantity=\"1\" data-product_id=\"1543\" data-product_sku=\"\" data-price=\"18\" rel=\"nofollow\" class=\"wp-block-button__link  add_to_cart_button ajax_add_to_cart\">Lis\u00e4\u00e4 ostoskoriin<\/a><\/div>\n\t\t\t<\/li><\/ul><\/div><\/p>[\/et_pb_text][\/et_pb_column][\/et_pb_row][\/et_pb_section]","protected":false},"excerpt":{"rendered":"<p>SEIKKAILUSVEITSI VERKKOKAUPPA SeikkailuSveitsi on koko perheen seikkailupuisto Hyvink\u00e4\u00e4ll\u00e4. Monipuoliset radat tarjoavat haasteita ja onnistumisen iloa kaiken ik\u00e4isille ja seikkailunhaluisille ulkoilijoille. Tarjontaamme kuuluu turvalliset, puihin rakennetut seikkailuradat sek\u00e4 Suomen huimin vaijeriliukurata. TUOTTEET<\/p>\n","protected":false},"author":1,"featured_media":0,"parent":0,"menu_order":0,"comment_status":"closed","ping_status":"closed","template":"","meta":{"_et_pb_use_builder":"on","_et_pb_old_content":"","_et_gb_content_width":"","footnotes":""},"class_list":["post-1493","page","type-page","status-publish","hentry"],"_links":{"self":[{"href":"https:\/\/www.seikkailusveitsi.fi\/verkkokauppa\/wp-json\/wp\/v2\/pages\/1493","targetHints":{"allow":["GET"]}}],"collection":[{"href":"https:\/\/www.seikkailusveitsi.fi\/verkkokauppa\/wp-json\/wp\/v2\/pages"}],"about":[{"href":"https:\/\/www.seikkailusveitsi.fi\/verkkokauppa\/wp-json\/wp\/v2\/types\/page"}],"author":[{"embeddable":true,"href":"https:\/\/www.seikkailusveitsi.fi\/verkkokauppa\/wp-json\/wp\/v2\/users\/1"}],"replies":[{"embeddable":true,"href":"https:\/\/www.seikkailusveitsi.fi\/verkkokauppa\/wp-json\/wp\/v2\/comments?post=1493"}],"version-history":[{"count":29,"href":"https:\/\/www.seikkailusveitsi.fi\/verkkokauppa\/wp-json\/wp\/v2\/pages\/1493\/revisions"}],"predecessor-version":[{"id":1683,"href":"https:\/\/www.seikkailusveitsi.fi\/verkkokauppa\/wp-json\/wp\/v2\/pages\/1493\/revisions\/1683"}],"wp:attachment":[{"href":"https:\/\/www.seikkailusveitsi.fi\/verkkokauppa\/wp-json\/wp\/v2\/media?parent=1493"}],"curies":[{"name":"wp","href":"https:\/\/api.w.org\/{rel}","templated":true}]}}