{"id":1497,"date":"2023-06-22T07:08:57","date_gmt":"2023-06-22T04:08:57","guid":{"rendered":"http:\/\/www.seikkailusveitsi.fi\/verkkokauppa\/?page_id=1497"},"modified":"2023-06-22T07:08:57","modified_gmt":"2023-06-22T04:08:57","slug":"refund_returns","status":"publish","type":"page","link":"https:\/\/www.seikkailusveitsi.fi\/verkkokauppa\/refund_returns\/","title":{"rendered":"Toimitusehdot"},"content":{"rendered":"<header class=\"entry-header\">\n<h1 class=\"entry-title\">Toimitusehdot<\/h1>\n<\/header>\n<div class=\"entry-content\">\n<p>Voimassa 1.6.2023 alkaen.<\/p>\n<h2 id=\"verkkokauppa\" class=\"wp-block-heading\">Verkkokauppa<\/h2>\n<p>SeikkailuSveitsi Oy:n verkkokauppa myy tuotteita yksityishenkil\u00f6ille Suomeen. Tuotteiden hinnat sis\u00e4lt\u00e4v\u00e4t arvonlis\u00e4veron. Pid\u00e4t\u00e4mme oikeuden hintojen ja toimituskulujen muutoksiin.<\/p>\n<h2 id=\"tilaaminen\" class=\"wp-block-heading\">Tilaaminen<\/h2>\n<p>Tuotteet tilataan verkkokaupan kotisivuilla siirt\u00e4m\u00e4ll\u00e4 ne ostoskoriin ja maksamalla ostoskorin sis\u00e4lt\u00f6<br \/>\nkassapalvelussa. Kaikki asiakastiedot k\u00e4sitell\u00e4\u00e4n luottamuksellisesti. Tilauksen yhteydess\u00e4 kysyttyj\u00e4<br \/>\nyhteystietoja ei k\u00e4ytet\u00e4 muuhun kuin tilauksen toimitukseen tai siin\u00e4 ilmenevien ep\u00e4selvyyksien<br \/>\nselvitt\u00e4miseen, ellei erikseen toisin mainita. Tilatessasi verkkokaupasta sinun edellytet\u00e4\u00e4n tutustuneen ja<br \/>\nsitoutuneen kulloinkin voimassa oleviin toimitusehtoihin.<\/p>\n<h2 id=\"maksaminen-ja-maksutavat\" class=\"wp-block-heading\">Maksaminen ja maksutavat<\/h2>\n<p>Maksutapana verkkokaupassa ovat yleisimm\u00e4t pankki-, ja luottokortit. Maksupalvelut sivustolle tuottaa Paytrail. Maksuehdot l\u00f6ytyv\u00e4t osoitteesta:\u00a0<a href=\"https:\/\/www.paytrail.com\/sopimukset-ja-ehdot\">https:\/\/www.paytrail.com\/sopimukset-ja-ehdot<\/a>ot<\/p>\n<h2 id=\"tilaus-ja-maksuvahvistus\" class=\"wp-block-heading\">Tilaus- ja maksuvahvistus<\/h2>\n<p>Onnistuneen tilauksen j\u00e4lkeen s\u00e4hk\u00f6postiisi l\u00e4hetet\u00e4\u00e4n tilausvahvistus. Vahvistusviestien l\u00e4hett\u00e4minen<br \/>\nedellytt\u00e4\u00e4 s\u00e4hk\u00f6postiosoitteen antamista tilauksen yhteydess\u00e4.<\/p>\n<h2 id=\"toimitustavat-ja-kulut\" class=\"wp-block-heading\">Toimitustavat ja -kulut<\/h2>\n<p>Tilauksemme mahdolliset toimituskulut n\u00e4et toimitus- ja maksuntavanvalintasivulla. P\u00e4\u00e4s\u00e4\u00e4nt\u00f6isesti seikkailulipuissa ei ole toimituskuluja.<\/p>\n<h2 id=\"toimitusaika\" class=\"wp-block-heading\">Toimitusaika<\/h2>\n<p>S\u00e4hk\u00f6inen lippu saapuu annettuun s\u00e4hk\u00f6postiosoitteeseen muutamassa minuutissa.<\/p>\n<h2 id=\"peruutusoikeus\" class=\"wp-block-heading\">Peruutusoikeus<\/h2>\n<p>Jos olet kuluttaja sinulla on Suomen kuluttajansuojalain mukainen oikeus peruuttaa tilaus ilmoittamalla t\u00e4st\u00e4 meille viimeist\u00e4\u00e4n 14 p\u00e4iv\u00e4n kuluttua tilauksen vastaanottamisesta.<\/p>\n<p>Peruuttamisilmoitus tulee tehd\u00e4 selke\u00e4sti, alla olevaan s\u00e4hk\u00f6postiimme.<\/p>\n<p>Palautamme vastaavasti tilauksesta maksamasi rahat viivytyksett\u00e4 kuluttajasuojalain mukaisesti.<\/p>\n<h2 id=\"ongelmatilanteet\" class=\"wp-block-heading\">Ongelmatilanteet<\/h2>\n<p>Ongelmatilanteessa ole yhteydess\u00e4 s\u00e4hk\u00f6postitse info@seikkailusveitsi.fi tai puhelimitse 0400 963391<\/p>\n<\/div>\n","protected":false},"excerpt":{"rendered":"<p>Toimitusehdot Voimassa 1.6.2023 alkaen. Verkkokauppa SeikkailuSveitsi Oy:n verkkokauppa myy tuotteita yksityishenkil\u00f6ille Suomeen. Tuotteiden hinnat sis\u00e4lt\u00e4v\u00e4t arvonlis\u00e4veron. Pid\u00e4t\u00e4mme oikeuden hintojen ja toimituskulujen muutoksiin. Tilaaminen Tuotteet tilataan verkkokaupan kotisivuilla siirt\u00e4m\u00e4ll\u00e4 ne ostoskoriin ja maksamalla ostoskorin sis\u00e4lt\u00f6 kassapalvelussa. Kaikki asiakastiedot k\u00e4sitell\u00e4\u00e4n luottamuksellisesti. Tilauksen yhteydess\u00e4 kysyttyj\u00e4 yhteystietoja ei k\u00e4ytet\u00e4 muuhun kuin tilauksen toimitukseen tai siin\u00e4 ilmenevien ep\u00e4selvyyksien selvitt\u00e4miseen, ellei [&hellip;]<\/p>\n","protected":false},"author":1,"featured_media":0,"parent":0,"menu_order":0,"comment_status":"closed","ping_status":"closed","template":"","meta":{"_et_pb_use_builder":"","_et_pb_old_content":"","_et_gb_content_width":"","footnotes":""},"class_list":["post-1497","page","type-page","status-publish","hentry"],"_links":{"self":[{"href":"https:\/\/www.seikkailusveitsi.fi\/verkkokauppa\/wp-json\/wp\/v2\/pages\/1497","targetHints":{"allow":["GET"]}}],"collection":[{"href":"https:\/\/www.seikkailusveitsi.fi\/verkkokauppa\/wp-json\/wp\/v2\/pages"}],"about":[{"href":"https:\/\/www.seikkailusveitsi.fi\/verkkokauppa\/wp-json\/wp\/v2\/types\/page"}],"author":[{"embeddable":true,"href":"https:\/\/www.seikkailusveitsi.fi\/verkkokauppa\/wp-json\/wp\/v2\/users\/1"}],"replies":[{"embeddable":true,"href":"https:\/\/www.seikkailusveitsi.fi\/verkkokauppa\/wp-json\/wp\/v2\/comments?post=1497"}],"version-history":[{"count":3,"href":"https:\/\/www.seikkailusveitsi.fi\/verkkokauppa\/wp-json\/wp\/v2\/pages\/1497\/revisions"}],"predecessor-version":[{"id":1654,"href":"https:\/\/www.seikkailusveitsi.fi\/verkkokauppa\/wp-json\/wp\/v2\/pages\/1497\/revisions\/1654"}],"wp:attachment":[{"href":"https:\/\/www.seikkailusveitsi.fi\/verkkokauppa\/wp-json\/wp\/v2\/media?parent=1497"}],"curies":[{"name":"wp","href":"https:\/\/api.w.org\/{rel}","templated":true}]}}