{"id":1538,"date":"2023-05-24T11:33:37","date_gmt":"2023-05-24T08:33:37","guid":{"rendered":"https:\/\/www.seikkailusveitsi.fi\/verkkokauppa\/?post_type=product&#038;p=1538"},"modified":"2026-01-03T22:33:19","modified_gmt":"2026-01-03T20:33:19","slug":"seikkailulahjakortti-30e","status":"publish","type":"product","link":"https:\/\/www.seikkailusveitsi.fi\/verkkokauppa\/product\/seikkailulahjakortti-30e\/","title":{"rendered":"Seikkailulahjakortti 35\u20ac"},"content":{"rendered":"<p>Osta l\u00e4heiselle tai itsellesi lahjaksi aktiivinen el\u00e4mys, seikkailulahjakortti! Lahjakortti on lahja, jonka voi k\u00e4ytt\u00e4\u00e4 kaikkiin SeikkailuSveitsin tarjoamiin palveluihin, kuten seikkailulippuihin ja oheistuotteisiin ja se on voimassa 12kk ostop\u00e4iv\u00e4st\u00e4.<\/p>\n<p>Lahjakortti on t\u00e4ydellinen lahja h\u00e4nelle, joka kaipaa el\u00e4m\u00e4\u00e4ns\u00e4 aktiivisuutta ja el\u00e4myksi\u00e4!<\/p>\n<p><strong>PERHERADAT 1-4<\/strong><br \/>\nTaso: helppo<br \/>\nKorkeus 3-5 m<\/p>\n<p>Perheradat sopivat erinomaisesti aloitteleville seikkailijoille. Kiipeilyradoilla on monia mukavia haasteita ja hauskoja liukuja. Kokeneemmat seikkailijat voivat haastaa itsens\u00e4 suorittamaan esteit\u00e4 tasapainoilemalla ilman aputukea.<\/p>\n<p><strong>MEDIUM\u00adRADAT 5-7<\/strong><br \/>\nTaso: haastava<br \/>\nKorkeus 5-8 m<\/p>\n<p>Mediumradoilla kiivet\u00e4\u00e4n jo hieman korkeammalla ja teht\u00e4v\u00e4t ovat haastavampia. Kiipeilyadoilla kohtaat trapetsiliinan, pitki\u00e4 liukuja ja vanhat m\u00e4kihyppysukset, l\u00f6yd\u00e4tk\u00f6 hyv\u00e4n vauhtiasennon?<\/p>\n<p><strong>RADAT 8&amp;9<\/strong><br \/>\nTaso: vaikea<br \/>\nkorkeus 10-15m<\/p>\n<p>Kiipeilyradat vaatii fyysist\u00e4 kuntoa sek\u00e4 henkist\u00e4 kanttia. Kokeiletko itse vai kannustatko kaveria?<\/p>\n<p>Ratoihin ja ohjeisiin voit tutustua tarkemmin t\u00e4\u00e4ll\u00e4!<br \/>\n<a href=\"http:\/\/t\u00e4\u00e4ll\u00e4!\">https:\/\/www.seikkailusveitsi.fi\/radat-ja-ohjeet\/<\/a><\/p>\n<h6><strong>TURVAL\u00adLI\u00adSUUS\u00ad\u00adOH\u00adJEET<\/strong><\/h6>\n<ul>\n<li>Olen aina kytkettyn\u00e4 v\u00e4hint\u00e4\u00e4n toisella sulkurenkaalla (Smart) turvavaijeriin.<\/li>\n<li>L\u00e4hden kiipe\u00e4m\u00e4\u00e4n radalle vasta, kun olen kiinnittynyt kolmesta pisteest\u00e4 nousulaitteeseen.<\/li>\n<li>Sulkurenkaiden (Smart) sulkeminen sormin on ehdottomasti kielletty. Toimimalla vastoin t\u00e4t\u00e4 ohjetta, tiedostan aiheuttavani itselleni vaaratilanteen ja olen velvollinen korvaamaan laitteille aiheutuneet vahingot.<\/li>\n<\/ul>\n<h6><strong>PELI\u00adS\u00c4\u00c4NN\u00d6T<\/strong><\/h6>\n<ul>\n<li>Kuuntelen annetut ohjeet ja toimin niiden mukaisesti.<\/li>\n<li>Huolehdin osaltani varusteista ja puiston rakenteista vahingoittamatta niit\u00e4 tahallisesti. Mik\u00e4li en noudata t\u00e4t\u00e4 ohjetta, olen korvausvelvollinen aiheuttamastani vahingosta.<\/li>\n<li>Valjaat p\u00e4\u00e4ll\u00e4 tupakoiminen on ehdottomasti kielletty.<\/li>\n<li>Noudatan puiston radoilla olevia ohjeita ja opasteita.<\/li>\n<li>Luonnossa ja puissa liikkuminen saattaa aiheuttaa mm. vaatteiden likaantumista ja naarmuja tai mustelmia. SeikkailuSveitsi ei vastaa n\u00e4ist\u00e4.<\/li>\n<li>Kuten normaaleissa urheilu- ja liikuntatilanteissakin, seikkailijan oma tapaturmavakuutus vastaa vahingoista. Mik\u00e4li loukkaan itseni seikkailuradalla, ilmoitan siit\u00e4 v\u00e4litt\u00f6m\u00e4sti henkil\u00f6kunnalle.<\/li>\n<li>Pid\u00e4n alueen siistin\u00e4 (roskat roskikseen) ja liikun vain merkityill\u00e4 alueilla.<\/li>\n<li>Tunnistan suorituskykyni ottamatta turhia riskej\u00e4. Mik\u00e4li terveydentilassani on jotain, mink\u00e4 arvelen aiheuttavan riskin, ilmoitan siit\u00e4 henkil\u00f6kunnalle ennen radoille menoa.<\/li>\n<li>En seikkaile p\u00e4ihtyneen\u00e4 tai huumausaineiden alaisena. Kyseisten aineiden tuominen alueelle on kielletty.<\/li>\n<li>Osallistun seikkailuun t\u00e4ysin vapaaehtoisesti ja omasta halustani. Olen ymm\u00e4rt\u00e4nyt seikkailuun liittyv\u00e4t riskit ja s\u00e4\u00e4nn\u00f6t. Sitoudun noudattamaan niit\u00e4 itseni ja muiden turvallisuuden takaamiseksi.<\/li>\n<\/ul>\n","protected":false},"excerpt":{"rendered":"<p>Lahjakortin voi k\u00e4ytt\u00e4\u00e4 kaikkiin SeikkailuSveitsin tarjoamiin palveluihin.<\/p>\n","protected":false},"featured_media":481,"comment_status":"closed","ping_status":"closed","template":"","meta":{"_et_pb_use_builder":"","_et_pb_old_content":"","_et_gb_content_width":""},"product_brand":[],"product_cat":[43],"product_tag":[],"class_list":{"0":"post-1538","1":"product","2":"type-product","3":"status-publish","4":"has-post-thumbnail","6":"product_cat-lahjakortit","8":"first","9":"instock","10":"virtual","11":"purchasable","12":"product-type-simple"},"_links":{"self":[{"href":"https:\/\/www.seikkailusveitsi.fi\/verkkokauppa\/wp-json\/wp\/v2\/product\/1538","targetHints":{"allow":["GET"]}}],"collection":[{"href":"https:\/\/www.seikkailusveitsi.fi\/verkkokauppa\/wp-json\/wp\/v2\/product"}],"about":[{"href":"https:\/\/www.seikkailusveitsi.fi\/verkkokauppa\/wp-json\/wp\/v2\/types\/product"}],"replies":[{"embeddable":true,"href":"https:\/\/www.seikkailusveitsi.fi\/verkkokauppa\/wp-json\/wp\/v2\/comments?post=1538"}],"wp:featuredmedia":[{"embeddable":true,"href":"https:\/\/www.seikkailusveitsi.fi\/verkkokauppa\/wp-json\/wp\/v2\/media\/481"}],"wp:attachment":[{"href":"https:\/\/www.seikkailusveitsi.fi\/verkkokauppa\/wp-json\/wp\/v2\/media?parent=1538"}],"wp:term":[{"taxonomy":"product_brand","embeddable":true,"href":"https:\/\/www.seikkailusveitsi.fi\/verkkokauppa\/wp-json\/wp\/v2\/product_brand?post=1538"},{"taxonomy":"product_cat","embeddable":true,"href":"https:\/\/www.seikkailusveitsi.fi\/verkkokauppa\/wp-json\/wp\/v2\/product_cat?post=1538"},{"taxonomy":"product_tag","embeddable":true,"href":"https:\/\/www.seikkailusveitsi.fi\/verkkokauppa\/wp-json\/wp\/v2\/product_tag?post=1538"}],"curies":[{"name":"wp","href":"https:\/\/api.w.org\/{rel}","templated":true}]}}